{"id":9614,"date":"2024-09-03T22:56:33","date_gmt":"2024-09-03T17:56:33","guid":{"rendered":"https:\/\/filippiexpeditions.com\/?page_id=9614"},"modified":"2024-09-04T03:38:10","modified_gmt":"2024-09-03T22:38:10","slug":"randonnees","status":"publish","type":"page","link":"https:\/\/filippiexpeditions.com\/en\/randonnees\/","title":{"rendered":"Treks"},"content":{"rendered":"<div data-elementor-type=\"wp-page\" data-elementor-id=\"9614\" class=\"elementor elementor-9614\" data-elementor-post-type=\"page\">\n\t\t\t\t\t\t<section class=\"elementor-section elementor-top-section elementor-element elementor-element-75f0f19 elementor-section-full_width elementor-section-height-default elementor-section-height-default\" data-id=\"75f0f19\" data-element_type=\"section\" data-e-type=\"section\">\n\t\t\t\t\t\t<div class=\"elementor-container elementor-column-gap-default\">\n\t\t\t\t\t<div class=\"elementor-column elementor-col-100 elementor-top-column elementor-element elementor-element-75cb2c1\" data-id=\"75cb2c1\" data-element_type=\"column\" data-e-type=\"column\">\n\t\t\t<div class=\"elementor-widget-wrap elementor-element-populated\">\n\t\t\t\t\t\t<div class=\"elementor-element elementor-element-3927b34 elementor-widget elementor-widget-babe-all-items\" data-id=\"3927b34\" data-element_type=\"widget\" data-e-type=\"widget\" data-widget_type=\"babe-all-items.default\">\n\t\t\t\t<div class=\"elementor-widget-container\">\n\t\t\t\t\t<div data-elementor-columns=\"3\" data-elementor-columns-tablet=\"2\" data-elementor-columns-mobile=\"1\">\n\t\t\t\t<div class=\"babe_shortcode_block sc_all_items\">\n\t\t\t\t\t<div class=\"babe_shortcode_block_bg_inner\">\n\t\t\t\t\t\t<div class=\"babe_shortcode_block_inner\">\n\t\t\t\t\t\t\t<div class=\"babe_items babe_items_1 column-item\">\n    <div class=\"babe_all_items_item_inner\">\n        <div class=\"item_img\">\n            <div class=\"item_info_popular\">Popular<\/div>                        <a class=\"item-thumb\" href=\"https:\/\/filippiexpeditions.com\/en\/R\u00e9servation\/camp-de-base-himlung-4840-metres-vallee-du-nar-phu\/\"><img decoding=\"async\" src=\"https:\/\/filippiexpeditions.com\/wp-content\/uploads\/2022\/11\/DSCN2596-820x520.jpg\" alt=\"Camp de base Himlung (4840 m\u00e8tres) + vall\u00e9e de Naar -Phu\"><\/a>        <\/div>\n        <div class=\"item_text\">\n            <div class=\"item_top\">\n                <div class=\"item_info_price\">\n                    <label>From<\/label>\n                    <span class=\"item_info_price_new\"><span class=\"currency_amount\" data-amount=\"2900\"><span class=\"currency_symbol\">&#36;<\/span>2900.00<\/span><\/span>\n                                    <\/div>\n            <\/div>\n            <div class=\"item_head\">\n                                <div class=\"item_title\">\n                    <a href=\"https:\/\/filippiexpeditions.com\/en\/R\u00e9servation\/camp-de-base-himlung-4840-metres-vallee-du-nar-phu\/\">Himlung basecamp (4840 meters) + Naar-Phu valley<\/a>\n                <\/div>\n                <div class=\"item-meta\">\n                    <span class=\"item-days item-meta-value\"><i class=\"zourney-icon-clock-time\"><\/i><span>14 days<\/span><\/span>                    <div class=\"rating\">\n                                                <span class=\"rating-score\">0<\/span>\n                        <span class=\"rating-vote\">\/5<\/span>\n                    <\/div>\n                <\/div>\n                <a class=\"read-more-item border-white\" href=\"https:\/\/filippiexpeditions.com\/en\/R\u00e9servation\/camp-de-base-himlung-4840-metres-vallee-du-nar-phu\/\">\n                    <span>More Information<\/span><i class=\"zourney-icon-arrow-long-right\"><\/i>\n                <\/a>\n            <\/div>\n\n        <\/div>\n    <\/div>\n<\/div>\n\n\n<div class=\"babe_items babe_items_1 column-item\">\n    <div class=\"babe_all_items_item_inner\">\n        <div class=\"item_img\">\n            <div class=\"item_info_popular\">Popular<\/div>                        <a class=\"item-thumb\" href=\"https:\/\/filippiexpeditions.com\/en\/R\u00e9servation\/camp-de-base-everest\/\"><img decoding=\"async\" src=\"https:\/\/filippiexpeditions.com\/wp-content\/uploads\/2022\/11\/IMG_0658-copie-820x520.jpg\" alt=\"Camp de base d&#039;Everest (5350 m\u00e8tres)\"><\/a>        <\/div>\n        <div class=\"item_text\">\n            <div class=\"item_top\">\n                <div class=\"item_info_price\">\n                    <label>From<\/label>\n                    <span class=\"item_info_price_new\"><span class=\"currency_amount\" data-amount=\"3300\"><span class=\"currency_symbol\">&#36;<\/span>3300.00<\/span><\/span>\n                                    <\/div>\n            <\/div>\n            <div class=\"item_head\">\n                                <div class=\"item_title\">\n                    <a href=\"https:\/\/filippiexpeditions.com\/en\/R\u00e9servation\/camp-de-base-everest\/\">Everest basecamp (5350 meters)<\/a>\n                <\/div>\n                <div class=\"item-meta\">\n                    <span class=\"item-days item-meta-value\"><i class=\"zourney-icon-clock-time\"><\/i><span>16 days<\/span><\/span>                    <div class=\"rating\">\n                        <div class=\"post-total-rating\">\n        <span class=\"post-total-rating-stars stars\"><span class=\"star star-1\" data-rating-val=\"1\"><i class=\"fas fa-star\"><\/i><\/span><span class=\"star star-2\" data-rating-val=\"2\"><i class=\"fas fa-star\"><\/i><\/span><span class=\"star star-3\" data-rating-val=\"3\"><i class=\"fas fa-star\"><\/i><\/span><span class=\"star star-4\" data-rating-val=\"4\"><i class=\"fas fa-star\"><\/i><\/span><span class=\"star star-5\" data-rating-val=\"5\"><i class=\"fas fa-star\"><\/i><\/span><span class=\"post-total-rating-value\">5 <\/span><\/span><ul class=\"post-rating-ul\"><li><span class=\"post-rating-criterion\">Location<\/span><span class=\"post-rating-stars stars\" data-rating-cr=\"location\"><span class=\"star star-1\" data-rating-val=\"1\"><i class=\"fas fa-star\"><\/i><\/span><span class=\"star star-2\" data-rating-val=\"2\"><i class=\"fas fa-star\"><\/i><\/span><span class=\"star star-3\" data-rating-val=\"3\"><i class=\"fas fa-star\"><\/i><\/span><span class=\"star star-4\" data-rating-val=\"4\"><i class=\"fas fa-star\"><\/i><\/span><span class=\"star star-5\" data-rating-val=\"5\"><i class=\"fas fa-star\"><\/i><\/span><span class=\"post-rating-value\">5<\/span><\/span><\/li><li><span class=\"post-rating-criterion\">Price<\/span><span class=\"post-rating-stars stars\" data-rating-cr=\"price\"><span class=\"star star-1\" data-rating-val=\"1\"><i class=\"fas fa-star\"><\/i><\/span><span class=\"star star-2\" data-rating-val=\"2\"><i class=\"fas fa-star\"><\/i><\/span><span class=\"star star-3\" data-rating-val=\"3\"><i class=\"fas fa-star\"><\/i><\/span><span class=\"star star-4\" data-rating-val=\"4\"><i class=\"fas fa-star\"><\/i><\/span><span class=\"star star-5\" data-rating-val=\"5\"><i class=\"fas fa-star\"><\/i><\/span><span class=\"post-rating-value\">5<\/span><\/span><\/li><\/ul>\n        <\/div>                        <span class=\"rating-score\">5<\/span>\n                        <span class=\"rating-vote\">\/5<\/span>\n                    <\/div>\n                <\/div>\n                <a class=\"read-more-item border-white\" href=\"https:\/\/filippiexpeditions.com\/en\/R\u00e9servation\/camp-de-base-everest\/\">\n                    <span>More Information<\/span><i class=\"zourney-icon-arrow-long-right\"><\/i>\n                <\/a>\n            <\/div>\n\n        <\/div>\n    <\/div>\n<\/div>\n\n\n<div class=\"babe_items babe_items_1 column-item\">\n    <div class=\"babe_all_items_item_inner\">\n        <div class=\"item_img\">\n            <div class=\"item_info_popular\">Popular<\/div>                        <a class=\"item-thumb\" href=\"https:\/\/filippiexpeditions.com\/en\/R\u00e9servation\/camp-de-base-himlung-4840m-vallee-du-nar-phu-col-de-thorong-5410m\/\"><img decoding=\"async\" src=\"https:\/\/filippiexpeditions.com\/wp-content\/uploads\/2022\/11\/thorong-la-820x520.jpg\" alt=\"Camp de base Himlung (4840m)+ vall\u00e9e de Naar - Phu + Col de Thorong (5410m)\"><\/a>        <\/div>\n        <div class=\"item_text\">\n            <div class=\"item_top\">\n                <div class=\"item_info_price\">\n                    <label>From<\/label>\n                    <span class=\"item_info_price_new\"><span class=\"currency_amount\" data-amount=\"3500\"><span class=\"currency_symbol\">&#36;<\/span>3500.00<\/span><\/span>\n                                    <\/div>\n            <\/div>\n            <div class=\"item_head\">\n                                <div class=\"item_title\">\n                    <a href=\"https:\/\/filippiexpeditions.com\/en\/R\u00e9servation\/camp-de-base-himlung-4840m-vallee-du-nar-phu-col-de-thorong-5410m\/\">Himlung basecamp (4840m)+ Naar-Phu valley + Thorong Pass (5410m)<\/a>\n                <\/div>\n                <div class=\"item-meta\">\n                    <span class=\"item-days item-meta-value\"><i class=\"zourney-icon-clock-time\"><\/i><span>18 days<\/span><\/span>                    <div class=\"rating\">\n                                                <span class=\"rating-score\">0<\/span>\n                        <span class=\"rating-vote\">\/5<\/span>\n                    <\/div>\n                <\/div>\n                <a class=\"read-more-item border-white\" href=\"https:\/\/filippiexpeditions.com\/en\/R\u00e9servation\/camp-de-base-himlung-4840m-vallee-du-nar-phu-col-de-thorong-5410m\/\">\n                    <span>More Information<\/span><i class=\"zourney-icon-arrow-long-right\"><\/i>\n                <\/a>\n            <\/div>\n\n        <\/div>\n    <\/div>\n<\/div>\n\n\n<div class=\"babe_items babe_items_1 column-item\">\n    <div class=\"babe_all_items_item_inner\">\n        <div class=\"item_img\">\n            <div class=\"item_info_popular\">Popular<\/div>                        <a class=\"item-thumb\" href=\"https:\/\/filippiexpeditions.com\/en\/R\u00e9servation\/camp-de-base-everest-vallee-de-gokyo\/\"><img decoding=\"async\" src=\"https:\/\/filippiexpeditions.com\/wp-content\/uploads\/2022\/11\/IMG_2384-2-820x520.jpg\" alt=\"Camp de base d&#039;Everest et vall\u00e9e de Gokyo\"><\/a>        <\/div>\n        <div class=\"item_text\">\n            <div class=\"item_top\">\n                <div class=\"item_info_price\">\n                    <label>From<\/label>\n                    <span class=\"item_info_price_new\"><span class=\"currency_amount\" data-amount=\"3900\"><span class=\"currency_symbol\">&#36;<\/span>3900.00<\/span><\/span>\n                                    <\/div>\n            <\/div>\n            <div class=\"item_head\">\n                                <div class=\"item_title\">\n                    <a href=\"https:\/\/filippiexpeditions.com\/en\/R\u00e9servation\/camp-de-base-everest-vallee-de-gokyo\/\">Everest basecamp and Gokyo valley<\/a>\n                <\/div>\n                <div class=\"item-meta\">\n                    <span class=\"item-days item-meta-value\"><i class=\"zourney-icon-clock-time\"><\/i><span>20 days<\/span><\/span>                    <div class=\"rating\">\n                                                <span class=\"rating-score\">0<\/span>\n                        <span class=\"rating-vote\">\/5<\/span>\n                    <\/div>\n                <\/div>\n                <a class=\"read-more-item border-white\" href=\"https:\/\/filippiexpeditions.com\/en\/R\u00e9servation\/camp-de-base-everest-vallee-de-gokyo\/\">\n                    <span>More Information<\/span><i class=\"zourney-icon-arrow-long-right\"><\/i>\n                <\/a>\n            <\/div>\n\n        <\/div>\n    <\/div>\n<\/div>\n\n\n\n\t\t\t\t\t\t<\/div>\n\t\t\t\t\t<\/div>\n\t\t\t\t<\/div>\n\t\t\t<\/div>\t\t\t\t<\/div>\n\t\t\t\t<\/div>\n\t\t\t\t\t<\/div>\n\t\t<\/div>\n\t\t\t\t\t<\/div>\n\t\t<\/section>\n\t\t\t\t<\/div>","protected":false},"excerpt":{"rendered":"<p>Popular From &#36;2900.00 Camp de base Himlung (4840 m\u00e8tres) + vall\u00e9e de Naar -Phu 14 days 0 \/5 More Information Popular From &#36;3300.00 Camp de base d&rsquo;Everest (5350 m\u00e8tres) 16 days 5 Location5 Price5 5 \/5 More Information Popular From &#36;3500.00 Camp de base Himlung (4840m)+ vall\u00e9e de Naar &#8211; Phu + Col de Thorong [&hellip;]<\/p>\n","protected":false},"author":1,"featured_media":0,"parent":0,"menu_order":0,"comment_status":"closed","ping_status":"closed","template":"elementor_header_footer","meta":{"slim_seo":{"title":"Randonn\u00e9es - FILIPPI EXPEDITIONS","description":"Popular From &#36;2900.00 Camp de base Himlung (4840 m\u00e8tres) + vall\u00e9e de Naar -Phu 14 days 0 \/5 More Information Popular From &#36;3300.00 Camp de base d'Everes"},"footnotes":""},"class_list":["post-9614","page","type-page","status-publish","hentry"],"_links":{"self":[{"href":"https:\/\/filippiexpeditions.com\/en\/wp-json\/wp\/v2\/pages\/9614","targetHints":{"allow":["GET"]}}],"collection":[{"href":"https:\/\/filippiexpeditions.com\/en\/wp-json\/wp\/v2\/pages"}],"about":[{"href":"https:\/\/filippiexpeditions.com\/en\/wp-json\/wp\/v2\/types\/page"}],"author":[{"embeddable":true,"href":"https:\/\/filippiexpeditions.com\/en\/wp-json\/wp\/v2\/users\/1"}],"replies":[{"embeddable":true,"href":"https:\/\/filippiexpeditions.com\/en\/wp-json\/wp\/v2\/comments?post=9614"}],"version-history":[{"count":7,"href":"https:\/\/filippiexpeditions.com\/en\/wp-json\/wp\/v2\/pages\/9614\/revisions"}],"predecessor-version":[{"id":9671,"href":"https:\/\/filippiexpeditions.com\/en\/wp-json\/wp\/v2\/pages\/9614\/revisions\/9671"}],"wp:attachment":[{"href":"https:\/\/filippiexpeditions.com\/en\/wp-json\/wp\/v2\/media?parent=9614"}],"curies":[{"name":"wp","href":"https:\/\/api.w.org\/{rel}","templated":true}]}}