{"id":98,"date":"2022-07-01T08:33:52","date_gmt":"2022-07-01T08:33:52","guid":{"rendered":"https:\/\/demo2wpopal.b-cdn.net\/zourney\/?page_id=98"},"modified":"2023-01-21T08:29:07","modified_gmt":"2023-01-21T03:29:07","slug":"a-propos","status":"publish","type":"page","link":"https:\/\/filippiexpeditions.com\/en\/a-propos\/","title":{"rendered":"About"},"content":{"rendered":"<div data-elementor-type=\"wp-page\" data-elementor-id=\"98\" class=\"elementor elementor-98\" data-elementor-post-type=\"page\">\n\t\t\t\t\t\t<section class=\"elementor-section elementor-top-section elementor-element elementor-element-06613fb elementor-section-boxed elementor-section-height-default elementor-section-height-default\" data-id=\"06613fb\" data-element_type=\"section\" data-e-type=\"section\">\n\t\t\t\t\t\t<div class=\"elementor-container elementor-column-gap-default\">\n\t\t\t\t\t<div class=\"elementor-column elementor-col-100 elementor-top-column elementor-element elementor-element-1689365\" data-id=\"1689365\" data-element_type=\"column\" data-e-type=\"column\">\n\t\t\t<div class=\"elementor-widget-wrap elementor-element-populated\">\n\t\t\t\t\t\t<div class=\"elementor-element elementor-element-d117de0 elementor-widget elementor-widget-text-editor\" data-id=\"d117de0\" data-element_type=\"widget\" data-e-type=\"widget\" data-widget_type=\"text-editor.default\">\n\t\t\t\t<div class=\"elementor-widget-container\">\n\t\t\t\t\t\t\t\t\t<p style=\"font-weight: 400;\">FILIPPI EXPEDITIONS is much more than a travel agency specializing in high mountain treks and expeditions. Excellence service is at the center of everything we do. We want to make sure our customers are taken care of every single day and in every interaction we have with them. We are providing competitive pricing, outstanding service and a commitment to do it right. For us, your adventure must be more beautiful than you imagined.<\/p><p style=\"font-weight: 400;\"><span style=\"color: var( --e-global-color-text ); font-family: var(--e-global-typography-text-font-family); background-color: var(--background);\">Our team is by your side at all times. Your journey begins long before you arrive at the airport. The experience acquired over many years, the know-how and the undeniable expertise will allow you to be well prepared in all aspects of your project. Once on the trail, a dedicated group awaits you with a smile and unparalleled service. Being able to link work and pleasure remains a high priority. We are aware that the little extra makes for a unique experience, an unforgettable moment, a memory engraved forever.<\/span><\/p><p style=\"font-weight: 400;\"><span style=\"color: var( --e-global-color-text ); font-family: var(--e-global-typography-text-font-family); background-color: var(--background);\">Be careful, our passion for the mountains is contagious! Transmitting it to you, communicating it to you, making you feel it is part of our DNA. Keep in mind that passion should not become an obsession. Walking in a larger-than-life place commands respect and humility. Your sporting adventure cannot ignore the great human adventure that will develop at the rhythm of each step. Your true summit may be in an unexpected place!<\/span><\/p><p style=\"font-weight: 400;\"><span style=\"color: var( --e-global-color-text ); font-family: var(--e-global-typography-text-font-family); background-color: var(--background);\">Athlete of The North Face Canadian team as well as a POW (Protect Our Winters) athlete, Gabriel is aware of his responsibility in the face of the ecological emergency. This translates into an eco-responsible travel experience. FILIPPI EXPEDITIONS acts, raises awareness and undertakes to leave the place visited cleaner than when it arrived. The next generation is watching us, let's be an example to follow.<\/span><\/p><p style=\"font-weight: 400;\"><span style=\"color: var( --e-global-color-text ); font-family: var(--e-global-typography-text-font-family); background-color: var(--background);\">Welcome to your world of adventures!<\/span><\/p><p style=\"font-weight: 400;\"><span style=\"color: var( --e-global-color-text ); font-family: var(--e-global-typography-text-font-family); background-color: var(--background);\">Looking forward to living the mountain together!<\/span><\/p><p style=\"font-weight: 400;\"><span style=\"color: var( --e-global-color-text ); font-family: var(--e-global-typography-text-font-family); background-color: var(--background);\">FILIPPI EXPEDITIONS team<\/span><\/p>\t\t\t\t\t\t\t\t<\/div>\n\t\t\t\t<\/div>\n\t\t\t\t\t<\/div>\n\t\t<\/div>\n\t\t\t\t\t<\/div>\n\t\t<\/section>\n\t\t\t\t<section class=\"elementor-section elementor-top-section elementor-element elementor-element-f256088 elementor-section-boxed elementor-section-height-default elementor-section-height-default\" data-id=\"f256088\" data-element_type=\"section\" data-e-type=\"section\">\n\t\t\t\t\t\t<div class=\"elementor-container elementor-column-gap-default\">\n\t\t\t\t\t<div class=\"elementor-column elementor-col-50 elementor-top-column elementor-element elementor-element-fa1cb44\" data-id=\"fa1cb44\" data-element_type=\"column\" data-e-type=\"column\">\n\t\t\t<div class=\"elementor-widget-wrap elementor-element-populated\">\n\t\t\t\t\t\t<div class=\"elementor-element elementor-element-48b05e6 elementor-widget elementor-widget-image\" data-id=\"48b05e6\" data-element_type=\"widget\" data-e-type=\"widget\" data-widget_type=\"image.default\">\n\t\t\t\t<div class=\"elementor-widget-container\">\n\t\t\t\t\t\t\t\t\t\t\t\t\t\t\t<img fetchpriority=\"high\" decoding=\"async\" width=\"683\" height=\"1024\" src=\"https:\/\/filippiexpeditions.com\/wp-content\/uploads\/2022\/12\/gf-karma-1200-copie-683x1024.jpeg\" class=\"attachment-large size-large wp-image-8662\" alt=\"Gf karma 1200 copie\" srcset=\"https:\/\/filippiexpeditions.com\/wp-content\/uploads\/2022\/12\/gf-karma-1200-copie-683x1024.jpeg 683w, https:\/\/filippiexpeditions.com\/wp-content\/uploads\/2022\/12\/gf-karma-1200-copie-200x300.jpeg 200w, https:\/\/filippiexpeditions.com\/wp-content\/uploads\/2022\/12\/gf-karma-1200-copie-768x1152.jpeg 768w, https:\/\/filippiexpeditions.com\/wp-content\/uploads\/2022\/12\/gf-karma-1200-copie-8x12.jpeg 8w, https:\/\/filippiexpeditions.com\/wp-content\/uploads\/2022\/12\/gf-karma-1200-copie.jpeg 800w\" sizes=\"(max-width: 683px) 100vw, 683px\" \/>\t\t\t\t\t\t\t\t\t\t\t\t\t\t\t<\/div>\n\t\t\t\t<\/div>\n\t\t\t\t\t<\/div>\n\t\t<\/div>\n\t\t\t\t<div class=\"elementor-column elementor-col-50 elementor-top-column elementor-element elementor-element-004263e\" data-id=\"004263e\" data-element_type=\"column\" data-e-type=\"column\">\n\t\t\t<div class=\"elementor-widget-wrap elementor-element-populated\">\n\t\t\t\t\t\t<div class=\"elementor-element elementor-element-dc83dcb elementor-widget elementor-widget-image\" data-id=\"dc83dcb\" data-element_type=\"widget\" data-e-type=\"widget\" data-widget_type=\"image.default\">\n\t\t\t\t<div class=\"elementor-widget-container\">\n\t\t\t\t\t\t\t\t\t\t\t\t\t\t\t<img decoding=\"async\" width=\"679\" height=\"1024\" src=\"https:\/\/filippiexpeditions.com\/wp-content\/uploads\/2022\/12\/IMG_0312-679x1024.jpg\" class=\"attachment-large size-large wp-image-8469\" alt=\"Img 0312\" srcset=\"https:\/\/filippiexpeditions.com\/wp-content\/uploads\/2022\/12\/IMG_0312-679x1024.jpg 679w, https:\/\/filippiexpeditions.com\/wp-content\/uploads\/2022\/12\/IMG_0312-199x300.jpg 199w, https:\/\/filippiexpeditions.com\/wp-content\/uploads\/2022\/12\/IMG_0312-768x1158.jpg 768w, https:\/\/filippiexpeditions.com\/wp-content\/uploads\/2022\/12\/IMG_0312-8x12.jpg 8w, https:\/\/filippiexpeditions.com\/wp-content\/uploads\/2022\/12\/IMG_0312.jpg 796w\" sizes=\"(max-width: 679px) 100vw, 679px\" \/>\t\t\t\t\t\t\t\t\t\t\t\t\t\t\t<\/div>\n\t\t\t\t<\/div>\n\t\t\t\t\t<\/div>\n\t\t<\/div>\n\t\t\t\t\t<\/div>\n\t\t<\/section>\n\t\t\t\t<\/div>","protected":false},"excerpt":{"rendered":"<p>FILIPPI EXPEDITIONS est bien plus qu\u2019une agence de voyages sp\u00e9cialis\u00e9e dans les randonn\u00e9es et exp\u00e9ditions en haute montagne. L\u2019excellence de notre service personnalis\u00e9 est au centre de tout ce que nous faisons. Nous voulons nous assurer que nos clients sont pris en charge d\u00e8s le d\u00e9but et dans chaque interaction que nous avons avec eux. [&hellip;]<\/p>\n","protected":false},"author":1,"featured_media":8246,"parent":0,"menu_order":0,"comment_status":"closed","ping_status":"closed","template":"elementor_header_footer","meta":{"slim_seo":{"title":"\u00c0 propos - FILIPPI EXPEDITIONS","description":"FILIPPI EXPEDITIONS est bien plus qu\u2019une agence de voyages sp\u00e9cialis\u00e9e dans les randonn\u00e9es et exp\u00e9ditions en haute montagne. L\u2019excellence de notre service perso"},"footnotes":""},"class_list":["post-98","page","type-page","status-publish","has-post-thumbnail","hentry"],"_links":{"self":[{"href":"https:\/\/filippiexpeditions.com\/en\/wp-json\/wp\/v2\/pages\/98","targetHints":{"allow":["GET"]}}],"collection":[{"href":"https:\/\/filippiexpeditions.com\/en\/wp-json\/wp\/v2\/pages"}],"about":[{"href":"https:\/\/filippiexpeditions.com\/en\/wp-json\/wp\/v2\/types\/page"}],"author":[{"embeddable":true,"href":"https:\/\/filippiexpeditions.com\/en\/wp-json\/wp\/v2\/users\/1"}],"replies":[{"embeddable":true,"href":"https:\/\/filippiexpeditions.com\/en\/wp-json\/wp\/v2\/comments?post=98"}],"version-history":[{"count":27,"href":"https:\/\/filippiexpeditions.com\/en\/wp-json\/wp\/v2\/pages\/98\/revisions"}],"predecessor-version":[{"id":9430,"href":"https:\/\/filippiexpeditions.com\/en\/wp-json\/wp\/v2\/pages\/98\/revisions\/9430"}],"wp:featuredmedia":[{"embeddable":true,"href":"https:\/\/filippiexpeditions.com\/en\/wp-json\/wp\/v2\/media\/8246"}],"wp:attachment":[{"href":"https:\/\/filippiexpeditions.com\/en\/wp-json\/wp\/v2\/media?parent=98"}],"curies":[{"name":"wp","href":"https:\/\/api.w.org\/{rel}","templated":true}]}}