{"id":8306,"date":"2022-11-28T21:31:03","date_gmt":"2022-11-28T16:31:03","guid":{"rendered":"https:\/\/filippiexpeditions.com\/?page_id=8306"},"modified":"2023-01-19T22:10:39","modified_gmt":"2023-01-19T17:10:39","slug":"conferences","status":"publish","type":"page","link":"https:\/\/filippiexpeditions.com\/fr\/conferences\/","title":{"rendered":"Conf\u00e9rences"},"content":{"rendered":"\t\t<div data-elementor-type=\"wp-page\" data-elementor-id=\"8306\" class=\"elementor elementor-8306\" data-elementor-post-type=\"page\">\n\t\t\t\t\t\t<section class=\"elementor-section elementor-top-section elementor-element elementor-element-668bf13b elementor-section-height-min-height elementor-section-items-stretch elementor-section-full_width elementor-section-height-default\" data-id=\"668bf13b\" data-element_type=\"section\" data-e-type=\"section\">\n\t\t\t\t\t\t<div class=\"elementor-container elementor-column-gap-default\">\n\t\t\t\t\t<div class=\"elementor-column elementor-col-50 elementor-top-column elementor-element elementor-element-5b73ee6b\" data-id=\"5b73ee6b\" data-element_type=\"column\" data-e-type=\"column\" data-settings=\"{&quot;background_background&quot;:&quot;classic&quot;}\">\n\t\t\t<div class=\"elementor-widget-wrap elementor-element-populated\">\n\t\t\t\t\t\t<div class=\"elementor-element elementor-element-4f2b1f1e elementor-widget elementor-widget-heading\" data-id=\"4f2b1f1e\" data-element_type=\"widget\" data-e-type=\"widget\" data-widget_type=\"heading.default\">\n\t\t\t\t<div class=\"elementor-widget-container\">\n\t\t\t\t\t<h1 class=\"elementor-heading-title elementor-size-default\">Gabriel Filippi\n<\/h1>\t\t\t\t<\/div>\n\t\t\t\t<\/div>\n\t\t\t\t<div class=\"elementor-element elementor-element-b7da8f4 elementor-widget elementor-widget-spacer\" data-id=\"b7da8f4\" data-element_type=\"widget\" data-e-type=\"widget\" data-widget_type=\"spacer.default\">\n\t\t\t\t<div class=\"elementor-widget-container\">\n\t\t\t\t\t\t\t<div class=\"elementor-spacer\">\n\t\t\t<div class=\"elementor-spacer-inner\"><\/div>\n\t\t<\/div>\n\t\t\t\t\t\t<\/div>\n\t\t\t\t<\/div>\n\t\t\t\t<div class=\"elementor-element elementor-element-cdb239c elementor-widget elementor-widget-heading\" data-id=\"cdb239c\" data-element_type=\"widget\" data-e-type=\"widget\" data-widget_type=\"heading.default\">\n\t\t\t\t<div class=\"elementor-widget-container\">\n\t\t\t\t\t<h1 class=\"elementor-heading-title elementor-size-small\"><b>ALPINISTE \u2013 CONF\u00c9RENCIER \u2013 AUTEUR<\/b><\/h1>\t\t\t\t<\/div>\n\t\t\t\t<\/div>\n\t\t\t\t\t<\/div>\n\t\t<\/div>\n\t\t\t\t<div class=\"elementor-column elementor-col-50 elementor-top-column elementor-element elementor-element-5499b043\" data-id=\"5499b043\" data-element_type=\"column\" data-e-type=\"column\" data-settings=\"{&quot;background_background&quot;:&quot;classic&quot;,&quot;background_motion_fx_motion_fx_scrolling&quot;:&quot;yes&quot;,&quot;background_motion_fx_translateY_effect&quot;:&quot;yes&quot;,&quot;background_motion_fx_translateY_direction&quot;:&quot;negative&quot;,&quot;background_motion_fx_translateY_speed&quot;:{&quot;unit&quot;:&quot;px&quot;,&quot;size&quot;:&quot;2&quot;,&quot;sizes&quot;:[]},&quot;background_motion_fx_translateY_affectedRange&quot;:{&quot;unit&quot;:&quot;%&quot;,&quot;size&quot;:&quot;&quot;,&quot;sizes&quot;:{&quot;start&quot;:0,&quot;end&quot;:100}},&quot;background_motion_fx_devices&quot;:[&quot;desktop&quot;,&quot;laptop&quot;,&quot;tablet_extra&quot;,&quot;tablet&quot;,&quot;mobile_extra&quot;,&quot;mobile&quot;]}\">\n\t\t\t<div class=\"elementor-widget-wrap elementor-element-populated\">\n\t\t\t\t\t\t<div class=\"elementor-element elementor-element-27311e55 elementor-widget elementor-widget-spacer\" data-id=\"27311e55\" data-element_type=\"widget\" data-e-type=\"widget\" data-widget_type=\"spacer.default\">\n\t\t\t\t<div class=\"elementor-widget-container\">\n\t\t\t\t\t\t\t<div class=\"elementor-spacer\">\n\t\t\t<div class=\"elementor-spacer-inner\"><\/div>\n\t\t<\/div>\n\t\t\t\t\t\t<\/div>\n\t\t\t\t<\/div>\n\t\t\t\t\t<\/div>\n\t\t<\/div>\n\t\t\t\t\t<\/div>\n\t\t<\/section>\n\t\t\t\t<section class=\"elementor-section elementor-top-section elementor-element elementor-element-47c4ce03 elementor-section-boxed elementor-section-height-default elementor-section-height-default\" data-id=\"47c4ce03\" data-element_type=\"section\" data-e-type=\"section\">\n\t\t\t\t\t\t<div class=\"elementor-container elementor-column-gap-default\">\n\t\t\t\t\t<div class=\"elementor-column elementor-col-100 elementor-top-column elementor-element elementor-element-2ffee9d6\" data-id=\"2ffee9d6\" data-element_type=\"column\" data-e-type=\"column\">\n\t\t\t<div class=\"elementor-widget-wrap elementor-element-populated\">\n\t\t\t\t\t\t<div class=\"elementor-element elementor-element-1cae410d elementor-widget elementor-widget-heading\" data-id=\"1cae410d\" data-element_type=\"widget\" data-e-type=\"widget\" data-widget_type=\"heading.default\">\n\t\t\t\t<div class=\"elementor-widget-container\">\n\t\t\t\t\t<h2 class=\"elementor-heading-title elementor-size-default\">\"AU-DEL\u00c0 DES OBSTACLES NAIT LE POUVOIR DE LA PERS\u00c9V\u00c9RANCE. CHACUNE DES \u00c9PREUVES REND LE SOMMET ENCORE PLUS PR\u00c9CIEUX.\" GABRIEL FILIPPI\n\n\n<\/h2>\t\t\t\t<\/div>\n\t\t\t\t<\/div>\n\t\t\t\t<div class=\"elementor-element elementor-element-b7e44d4 elementor-widget elementor-widget-text-editor\" data-id=\"b7e44d4\" data-element_type=\"widget\" data-e-type=\"widget\" data-widget_type=\"text-editor.default\">\n\t\t\t\t<div class=\"elementor-widget-container\">\n\t\t\t\t\t\t\t\t\t<div>\n<p style=\"text-align: left;\"><br><\/p><p style=\"text-align: left;\">Gabriel Filippi est un alpiniste canadien, conf\u00e9rencier et auteur du best-seller \u201cInstinct de survie\u201d. Il est le seul Qu\u00e9b\u00e9cois \u00e0 avoir gravi l\u2019Everest par ses deux versants (Tibet et N\u00e9pal). Au printemps 2019, il est devenu le premier canadien \u00e0 gravir l\u2019Everest \u00e0 3 reprises. Puis, moins de 24 heures plus tard, il s\u2019est retrouv\u00e9 sur Lhotse, le 4i\u00e8me plus haut sommet au monde (8516m). Le 12 mai 2022, il a atteint le sommet d\u2019Everest pour une quatri\u00e8me fois.<\/p>\n<\/div>\n<div>\n<p style=\"text-align: left;\">Gabriel est \u00e9galement un coureur d\u2019ultra-trail qui a compl\u00e9t\u00e9 le Bromont Ultra 160km et l\u2019<i>Ultra-Trail Harricana <\/i>\u2122 125km. Avec sa devise \u00ab&nbsp;Ne jamais arr\u00eater d\u2019explorer&nbsp;\u00bb ce leader de l\u2019\u00e9quipe canadienne d\u2019athl\u00e8tes <i>The North Face<\/i> \u00ae a voyag\u00e9 dans plus de 40 pays.<\/p>\n<\/div>\n<div>\n<p style=\"text-align: left;\">Les rencontres avec Gabriel Filippi sont uniques&nbsp;: ce sont de grands moments agr\u00e9ables, ponctu\u00e9s d\u2019humour. L\u2019\u00e9nergie retrouv\u00e9e sur sc\u00e8ne peut d\u00e9placer des montagnes car sa passion est contagieuse. Sa pers\u00e9v\u00e9rance n\u2019a pas de limite; nous souffrons avec lui! Cette pr\u00e9sence, qui g\u00e9n\u00e8re des inspirations fortes et de grands apprentissages, nous fait d\u00e9couvrir un bagage professionnel et personnel qui motive le spectateur. Transport\u00e9s par ces r\u00e9cits, les spectateurs ressortent avec de nouveaux outils pour explorer leur potentiel, pour se mesurer \u00e0 l\u2019adversit\u00e9, et pour viser l\u2019excellence.<\/p>\n<\/div>\n<p style=\"text-align: left;\">Accompagn\u00e9es de vid\u00e9os et d\u2019images vertigineuses, les conf\u00e9rences de Gabriel Filippi avivent une flamme. S\u2019adapter aux situations inattendues \u00e9tant monnaie courante pour l\u2019aventurier, les th\u00e8mes abord\u00e9s sont combinables et ils permettent de cr\u00e9er facilement des rencontres sur mesure, adapt\u00e9es \u00e0 la r\u00e9alit\u00e9 de votre organisation et \u00e0 ses particularit\u00e9s. Gabriel peut pr\u00e9senter ses conf\u00e9rences autant en fran\u00e7ais qu\u2019en anglais; il a captiv\u00e9 des auditoires partout au Qu\u00e9bec ainsi qu\u2019\u00e0 Los Angeles, Boston, Washington, Toronto, Vancouver, Orlando, etc.<\/p>\t\t\t\t\t\t\t\t<\/div>\n\t\t\t\t<\/div>\n\t\t\t\t\t<\/div>\n\t\t<\/div>\n\t\t\t\t\t<\/div>\n\t\t<\/section>\n\t\t\t\t<section class=\"elementor-section elementor-top-section elementor-element elementor-element-3350038c elementor-section-full_width elementor-section-height-default elementor-section-height-default\" data-id=\"3350038c\" data-element_type=\"section\" data-e-type=\"section\">\n\t\t\t\t\t\t<div class=\"elementor-container elementor-column-gap-default\">\n\t\t\t\t\t<div class=\"elementor-column elementor-col-50 elementor-top-column elementor-element elementor-element-704e63ed\" data-id=\"704e63ed\" data-element_type=\"column\" data-e-type=\"column\">\n\t\t\t<div class=\"elementor-widget-wrap elementor-element-populated\">\n\t\t\t\t\t\t<div class=\"elementor-element elementor-element-70cb7cdf elementor-widget elementor-widget-image\" data-id=\"70cb7cdf\" data-element_type=\"widget\" data-e-type=\"widget\" data-widget_type=\"image.default\">\n\t\t\t\t<div class=\"elementor-widget-container\">\n\t\t\t\t\t\t\t\t\t\t\t\t\t\t\t<img fetchpriority=\"high\" decoding=\"async\" width=\"1023\" height=\"497\" src=\"https:\/\/filippiexpeditions.com\/wp-content\/uploads\/2022\/12\/IMG_8379.jpg\" class=\"attachment-full size-full wp-image-8568\" alt=\"Img 8379\" srcset=\"https:\/\/filippiexpeditions.com\/wp-content\/uploads\/2022\/12\/IMG_8379.jpg 1023w, https:\/\/filippiexpeditions.com\/wp-content\/uploads\/2022\/12\/IMG_8379-300x146.jpg 300w, https:\/\/filippiexpeditions.com\/wp-content\/uploads\/2022\/12\/IMG_8379-768x373.jpg 768w, https:\/\/filippiexpeditions.com\/wp-content\/uploads\/2022\/12\/IMG_8379-18x9.jpg 18w\" sizes=\"(max-width: 1023px) 100vw, 1023px\" \/>\t\t\t\t\t\t\t\t\t\t\t\t\t\t\t<\/div>\n\t\t\t\t<\/div>\n\t\t\t\t\t<\/div>\n\t\t<\/div>\n\t\t\t\t<div class=\"elementor-column elementor-col-50 elementor-top-column elementor-element elementor-element-b7895b7\" data-id=\"b7895b7\" data-element_type=\"column\" data-e-type=\"column\">\n\t\t\t<div class=\"elementor-widget-wrap elementor-element-populated\">\n\t\t\t\t\t\t<div class=\"elementor-element elementor-element-60a4d017 elementor-widget elementor-widget-image\" data-id=\"60a4d017\" data-element_type=\"widget\" data-e-type=\"widget\" data-widget_type=\"image.default\">\n\t\t\t\t<div class=\"elementor-widget-container\">\n\t\t\t\t\t\t\t\t\t\t\t\t\t\t\t<img decoding=\"async\" width=\"800\" height=\"1200\" src=\"https:\/\/filippiexpeditions.com\/wp-content\/uploads\/2022\/12\/Survie_C1_1200px-numerise.jpg\" class=\"attachment-full size-full wp-image-8569\" alt=\"Survie c1 1200px numerise\" srcset=\"https:\/\/filippiexpeditions.com\/wp-content\/uploads\/2022\/12\/Survie_C1_1200px-numerise.jpg 800w, https:\/\/filippiexpeditions.com\/wp-content\/uploads\/2022\/12\/Survie_C1_1200px-numerise-200x300.jpg 200w, https:\/\/filippiexpeditions.com\/wp-content\/uploads\/2022\/12\/Survie_C1_1200px-numerise-683x1024.jpg 683w, https:\/\/filippiexpeditions.com\/wp-content\/uploads\/2022\/12\/Survie_C1_1200px-numerise-768x1152.jpg 768w, https:\/\/filippiexpeditions.com\/wp-content\/uploads\/2022\/12\/Survie_C1_1200px-numerise-8x12.jpg 8w\" sizes=\"(max-width: 800px) 100vw, 800px\" \/>\t\t\t\t\t\t\t\t\t\t\t\t\t\t\t<\/div>\n\t\t\t\t<\/div>\n\t\t\t\t\t<\/div>\n\t\t<\/div>\n\t\t\t\t\t<\/div>\n\t\t<\/section>\n\t\t\t\t<section class=\"elementor-section elementor-top-section elementor-element elementor-element-fb46dc8 elementor-section-full_width elementor-section-height-default elementor-section-height-default\" data-id=\"fb46dc8\" data-element_type=\"section\" data-e-type=\"section\">\n\t\t\t\t\t\t<div class=\"elementor-container elementor-column-gap-default\">\n\t\t\t\t\t<div class=\"elementor-column elementor-col-100 elementor-top-column elementor-element elementor-element-35e80be\" data-id=\"35e80be\" data-element_type=\"column\" data-e-type=\"column\">\n\t\t\t<div class=\"elementor-widget-wrap\">\n\t\t\t\t\t\t\t<\/div>\n\t\t<\/div>\n\t\t\t\t\t<\/div>\n\t\t<\/section>\n\t\t\t\t<\/div>\n\t\t","protected":false},"excerpt":{"rendered":"<p>Gabriel Filippi ALPINISTE \u2013 CONF\u00c9RENCIER \u2013 AUTEUR \u00ab\u00a0AU-DEL\u00c0 DES OBSTACLES NAIT LE POUVOIR DE LA PERS\u00c9V\u00c9RANCE. CHACUNE DES \u00c9PREUVES REND LE SOMMET ENCORE PLUS PR\u00c9CIEUX.\u00a0\u00bb GABRIEL FILIPPI Gabriel Filippi est un alpiniste canadien, conf\u00e9rencier et auteur du best-seller \u201cInstinct de survie\u201d. Il est le seul Qu\u00e9b\u00e9cois \u00e0 avoir gravi l\u2019Everest par ses deux versants (Tibet [&hellip;]<\/p>\n","protected":false},"author":1,"featured_media":0,"parent":0,"menu_order":0,"comment_status":"closed","ping_status":"closed","template":"","meta":{"slim_seo":{"title":"Conf\u00e9rences - FILIPPI EXPEDITIONS","description":"Gabriel Filippi ALPINISTE \u2013 CONF\u00c9RENCIER \u2013 AUTEUR \"AU-DEL\u00c0 DES OBSTACLES NAIT LE POUVOIR DE LA PERS\u00c9V\u00c9RANCE. CHACUNE DES \u00c9PREUVES REND LE SOMMET ENCORE PLUS PR\u00c9"},"footnotes":""},"class_list":["post-8306","page","type-page","status-publish","hentry"],"_links":{"self":[{"href":"https:\/\/filippiexpeditions.com\/fr\/wp-json\/wp\/v2\/pages\/8306","targetHints":{"allow":["GET"]}}],"collection":[{"href":"https:\/\/filippiexpeditions.com\/fr\/wp-json\/wp\/v2\/pages"}],"about":[{"href":"https:\/\/filippiexpeditions.com\/fr\/wp-json\/wp\/v2\/types\/page"}],"author":[{"embeddable":true,"href":"https:\/\/filippiexpeditions.com\/fr\/wp-json\/wp\/v2\/users\/1"}],"replies":[{"embeddable":true,"href":"https:\/\/filippiexpeditions.com\/fr\/wp-json\/wp\/v2\/comments?post=8306"}],"version-history":[{"count":18,"href":"https:\/\/filippiexpeditions.com\/fr\/wp-json\/wp\/v2\/pages\/8306\/revisions"}],"predecessor-version":[{"id":9199,"href":"https:\/\/filippiexpeditions.com\/fr\/wp-json\/wp\/v2\/pages\/8306\/revisions\/9199"}],"wp:attachment":[{"href":"https:\/\/filippiexpeditions.com\/fr\/wp-json\/wp\/v2\/media?parent=8306"}],"curies":[{"name":"wp","href":"https:\/\/api.w.org\/{rel}","templated":true}]}}