{"id":98,"date":"2022-07-01T08:33:52","date_gmt":"2022-07-01T08:33:52","guid":{"rendered":"https:\/\/demo2wpopal.b-cdn.net\/zourney\/?page_id=98"},"modified":"2023-01-21T08:29:07","modified_gmt":"2023-01-21T03:29:07","slug":"a-propos","status":"publish","type":"page","link":"https:\/\/filippiexpeditions.com\/fr\/a-propos\/","title":{"rendered":"\u00c0 propos"},"content":{"rendered":"\t\t<div data-elementor-type=\"wp-page\" data-elementor-id=\"98\" class=\"elementor elementor-98\" data-elementor-post-type=\"page\">\n\t\t\t\t\t\t<section class=\"elementor-section elementor-top-section elementor-element elementor-element-06613fb elementor-section-boxed elementor-section-height-default elementor-section-height-default\" data-id=\"06613fb\" data-element_type=\"section\" data-e-type=\"section\">\n\t\t\t\t\t\t<div class=\"elementor-container elementor-column-gap-default\">\n\t\t\t\t\t<div class=\"elementor-column elementor-col-100 elementor-top-column elementor-element elementor-element-1689365\" data-id=\"1689365\" data-element_type=\"column\" data-e-type=\"column\">\n\t\t\t<div class=\"elementor-widget-wrap elementor-element-populated\">\n\t\t\t\t\t\t<div class=\"elementor-element elementor-element-d117de0 elementor-widget elementor-widget-text-editor\" data-id=\"d117de0\" data-element_type=\"widget\" data-e-type=\"widget\" data-widget_type=\"text-editor.default\">\n\t\t\t\t<div class=\"elementor-widget-container\">\n\t\t\t\t\t\t\t\t\t<p style=\"font-weight: 400;\">FILIPPI EXPEDITIONS est bien plus qu\u2019une agence de voyages sp\u00e9cialis\u00e9e dans les randonn\u00e9es et exp\u00e9ditions en haute montagne. L\u2019excellence de notre service personnalis\u00e9 est au centre de tout ce que nous faisons. Nous voulons nous assurer que nos clients sont pris en charge d\u00e8s le d\u00e9but et dans chaque interaction que nous avons avec eux. Nous offrons des prix concurrentiels, un service exceptionnel et un engagement \u00e0 bien faire les choses. Pour nous, votre aventure doit \u00eatre plus belle que vous l\u2019avez imagin\u00e9e.<\/p><p style=\"font-weight: 400;\"><span style=\"color: var( --e-global-color-text ); font-family: var(--e-global-typography-text-font-family); background-color: var(--background);\">Notre \u00e9quipe \u00e0 vos c\u00f4t\u00e9s en tout temps. Votre voyage commence bien avant votre arriv\u00e9e \u00e0 l\u2019a\u00e9roport. L\u2019exp\u00e9rience acquise au fil de nombreuses ann\u00e9es, le savoir-faire ainsi que l\u2019ind\u00e9niable expertise permettront de bien vous pr\u00e9parer dans tous les aspects de votre grand projet. Une fois sur le terrain, c\u2019est un groupe d\u00e9vou\u00e9 qui vous attend avec un sourire et un service attentionn\u00e9. Pouvoir lier travail et plaisir reste une grande priorit\u00e9. Nous sommes conscients que le petit extra fait vivre une exp\u00e9rience unique, un moment inoubliable, un souvenir grav\u00e9 \u00e0 tout jamais.<\/span><\/p><p style=\"font-weight: 400;\"><span style=\"color: var( --e-global-color-text ); font-family: var(--e-global-typography-text-font-family); background-color: var(--background);\">Attention, notre passion pour la montagne est contagieuse! Vous la transmettre, vous la communiquer, vous la faire ressentir fait partie de notre ADN. Gardons en t\u00eate que la passion ne doit pas devenir une obsession. Se promener dans un endroit plus grand que nature impose le respect et l\u2019humilit\u00e9. Votre aventure sportive ne pourra ignorer la grande aventure humaine qui se d\u00e9veloppera au rythme de chaque pas. Votre vrai sommet pourrait bien se trouver \u00e0 un endroit inattendu!<\/span><\/p><p style=\"font-weight: 400;\"><span style=\"color: var( --e-global-color-text ); font-family: var(--e-global-typography-text-font-family); background-color: var(--background);\">Athl\u00e8te de l\u2019\u00e9quipe canadienne The North Face ainsi qu\u2019athl\u00e8te POW (Protect Our Winters), Gabriel est conscient de sa responsabilit\u00e9 face \u00e0 l\u2019urgence \u00e9cologique. Cela se traduit par une exp\u00e9rience de voyage \u00e9coresponsable. FILIPPI EXPEDITIONS agit, sensibilise et s\u2019engage \u00e0 quitter le lieu visit\u00e9 plus propre qu\u2019\u00e0 son arriv\u00e9e. La nouvelle g\u00e9n\u00e9ration nous regarde, soyons un exemple \u00e0 suivre.<\/span><\/p><p style=\"font-weight: 400;\"><span style=\"color: var( --e-global-color-text ); font-family: var(--e-global-typography-text-font-family); background-color: var(--background);\">Bienvenue dans votre monde d\u2019aventures!<\/span><\/p><p style=\"font-weight: 400;\"><span style=\"color: var( --e-global-color-text ); font-family: var(--e-global-typography-text-font-family); background-color: var(--background);\">Au plaisir de vivre la montagne ensemble!<\/span><\/p><p style=\"font-weight: 400;\"><span style=\"color: var( --e-global-color-text ); font-family: var(--e-global-typography-text-font-family); background-color: var(--background);\">L\u2019\u00e9quipe FILIPPI EXPEDITIONS<\/span><\/p>\t\t\t\t\t\t\t\t<\/div>\n\t\t\t\t<\/div>\n\t\t\t\t\t<\/div>\n\t\t<\/div>\n\t\t\t\t\t<\/div>\n\t\t<\/section>\n\t\t\t\t<section class=\"elementor-section elementor-top-section elementor-element elementor-element-f256088 elementor-section-boxed elementor-section-height-default elementor-section-height-default\" data-id=\"f256088\" data-element_type=\"section\" data-e-type=\"section\">\n\t\t\t\t\t\t<div class=\"elementor-container elementor-column-gap-default\">\n\t\t\t\t\t<div class=\"elementor-column elementor-col-50 elementor-top-column elementor-element elementor-element-fa1cb44\" data-id=\"fa1cb44\" data-element_type=\"column\" data-e-type=\"column\">\n\t\t\t<div class=\"elementor-widget-wrap elementor-element-populated\">\n\t\t\t\t\t\t<div class=\"elementor-element elementor-element-48b05e6 elementor-widget elementor-widget-image\" data-id=\"48b05e6\" data-element_type=\"widget\" data-e-type=\"widget\" data-widget_type=\"image.default\">\n\t\t\t\t<div class=\"elementor-widget-container\">\n\t\t\t\t\t\t\t\t\t\t\t\t\t\t\t<img fetchpriority=\"high\" decoding=\"async\" width=\"683\" height=\"1024\" src=\"https:\/\/filippiexpeditions.com\/wp-content\/uploads\/2022\/12\/gf-karma-1200-copie-683x1024.jpeg\" class=\"attachment-large size-large wp-image-8662\" alt=\"Gf karma 1200 copie\" srcset=\"https:\/\/filippiexpeditions.com\/wp-content\/uploads\/2022\/12\/gf-karma-1200-copie-683x1024.jpeg 683w, https:\/\/filippiexpeditions.com\/wp-content\/uploads\/2022\/12\/gf-karma-1200-copie-200x300.jpeg 200w, https:\/\/filippiexpeditions.com\/wp-content\/uploads\/2022\/12\/gf-karma-1200-copie-768x1152.jpeg 768w, https:\/\/filippiexpeditions.com\/wp-content\/uploads\/2022\/12\/gf-karma-1200-copie-8x12.jpeg 8w, https:\/\/filippiexpeditions.com\/wp-content\/uploads\/2022\/12\/gf-karma-1200-copie.jpeg 800w\" sizes=\"(max-width: 683px) 100vw, 683px\" \/>\t\t\t\t\t\t\t\t\t\t\t\t\t\t\t<\/div>\n\t\t\t\t<\/div>\n\t\t\t\t\t<\/div>\n\t\t<\/div>\n\t\t\t\t<div class=\"elementor-column elementor-col-50 elementor-top-column elementor-element elementor-element-004263e\" data-id=\"004263e\" data-element_type=\"column\" data-e-type=\"column\">\n\t\t\t<div class=\"elementor-widget-wrap elementor-element-populated\">\n\t\t\t\t\t\t<div class=\"elementor-element elementor-element-dc83dcb elementor-widget elementor-widget-image\" data-id=\"dc83dcb\" data-element_type=\"widget\" data-e-type=\"widget\" data-widget_type=\"image.default\">\n\t\t\t\t<div class=\"elementor-widget-container\">\n\t\t\t\t\t\t\t\t\t\t\t\t\t\t\t<img decoding=\"async\" width=\"679\" height=\"1024\" src=\"https:\/\/filippiexpeditions.com\/wp-content\/uploads\/2022\/12\/IMG_0312-679x1024.jpg\" class=\"attachment-large size-large wp-image-8469\" alt=\"Img 0312\" srcset=\"https:\/\/filippiexpeditions.com\/wp-content\/uploads\/2022\/12\/IMG_0312-679x1024.jpg 679w, https:\/\/filippiexpeditions.com\/wp-content\/uploads\/2022\/12\/IMG_0312-199x300.jpg 199w, https:\/\/filippiexpeditions.com\/wp-content\/uploads\/2022\/12\/IMG_0312-768x1158.jpg 768w, https:\/\/filippiexpeditions.com\/wp-content\/uploads\/2022\/12\/IMG_0312-8x12.jpg 8w, https:\/\/filippiexpeditions.com\/wp-content\/uploads\/2022\/12\/IMG_0312.jpg 796w\" sizes=\"(max-width: 679px) 100vw, 679px\" \/>\t\t\t\t\t\t\t\t\t\t\t\t\t\t\t<\/div>\n\t\t\t\t<\/div>\n\t\t\t\t\t<\/div>\n\t\t<\/div>\n\t\t\t\t\t<\/div>\n\t\t<\/section>\n\t\t\t\t<\/div>\n\t\t","protected":false},"excerpt":{"rendered":"<p>FILIPPI EXPEDITIONS est bien plus qu\u2019une agence de voyages sp\u00e9cialis\u00e9e dans les randonn\u00e9es et exp\u00e9ditions en haute montagne. L\u2019excellence de notre service personnalis\u00e9 est au centre de tout ce que nous faisons. Nous voulons nous assurer que nos clients sont pris en charge d\u00e8s le d\u00e9but et dans chaque interaction que nous avons avec eux. [&hellip;]<\/p>\n","protected":false},"author":1,"featured_media":8246,"parent":0,"menu_order":0,"comment_status":"closed","ping_status":"closed","template":"elementor_header_footer","meta":{"slim_seo":{"title":"\u00c0 propos - FILIPPI EXPEDITIONS","description":"FILIPPI EXPEDITIONS est bien plus qu\u2019une agence de voyages sp\u00e9cialis\u00e9e dans les randonn\u00e9es et exp\u00e9ditions en haute montagne. L\u2019excellence de notre service perso"},"footnotes":""},"class_list":["post-98","page","type-page","status-publish","has-post-thumbnail","hentry"],"_links":{"self":[{"href":"https:\/\/filippiexpeditions.com\/fr\/wp-json\/wp\/v2\/pages\/98","targetHints":{"allow":["GET"]}}],"collection":[{"href":"https:\/\/filippiexpeditions.com\/fr\/wp-json\/wp\/v2\/pages"}],"about":[{"href":"https:\/\/filippiexpeditions.com\/fr\/wp-json\/wp\/v2\/types\/page"}],"author":[{"embeddable":true,"href":"https:\/\/filippiexpeditions.com\/fr\/wp-json\/wp\/v2\/users\/1"}],"replies":[{"embeddable":true,"href":"https:\/\/filippiexpeditions.com\/fr\/wp-json\/wp\/v2\/comments?post=98"}],"version-history":[{"count":27,"href":"https:\/\/filippiexpeditions.com\/fr\/wp-json\/wp\/v2\/pages\/98\/revisions"}],"predecessor-version":[{"id":9430,"href":"https:\/\/filippiexpeditions.com\/fr\/wp-json\/wp\/v2\/pages\/98\/revisions\/9430"}],"wp:featuredmedia":[{"embeddable":true,"href":"https:\/\/filippiexpeditions.com\/fr\/wp-json\/wp\/v2\/media\/8246"}],"wp:attachment":[{"href":"https:\/\/filippiexpeditions.com\/fr\/wp-json\/wp\/v2\/media?parent=98"}],"curies":[{"name":"wp","href":"https:\/\/api.w.org\/{rel}","templated":true}]}}